{"id":91,"date":"2011-09-15T17:31:08","date_gmt":"2011-09-15T17:31:08","guid":{"rendered":"https:\/\/infociips.ipsantarem.pt\/?page_id=91"},"modified":"2022-01-19T17:53:01","modified_gmt":"2022-01-19T17:53:01","slug":"conteudos-por-tema","status":"publish","type":"page","link":"https:\/\/infociips.ipsantarem.pt\/","title":{"rendered":"Perguntas Frequentes"},"content":{"rendered":"<p><span style=\"color: #993300;\"><strong>Os v\u00e1rios exemplos desta p\u00e1gina est\u00e3o apresentados com credenciais de diferentes Escolas do IPS. Dever\u00e1 substituir essas credenciais pelas utilizadas na sua Escola.<\/strong><\/span><\/p>\n<h2>Passwords e nomes de utilizador<\/h2>\n<p><strong><strong>&#8211;\u00a0<a href=\"https:\/\/infociips.ipsantarem.pt\/?p=32\">Passwords \u2013 Moodle, SIGARRA, Mail. VPN &#8211; quantas existem e onde as utilizar<\/a><\/strong><\/strong><\/p>\n<p>&#8211;<strong> <a href=\"https:\/\/infociips.ipsantarem.pt\/?p=349\">Alterar passwords<\/a><\/strong><\/p>\n<p>&nbsp;<\/p>\n<h2>Registo de presen\u00e7as<\/h2>\n<p><strong>&#8211; <a href=\"https:\/\/infociips.ipsantarem.pt\/?p=496\">Processo de autentica\u00e7\u00e3o NFC<\/a><\/strong><\/p>\n<p>&nbsp;<\/p>\n<h2>Impressoras Xerox<\/h2>\n<p><strong>&#8211; <a href=\"https:\/\/infociips.ipsantarem.pt\/?p=276\">Como me autenticar (fazer login)<\/a><\/strong><\/p>\n<p><strong>&#8211; <a href=\"https:\/\/infociips.ipsantarem.pt\/?p=16\">Funcionamento &#8211; impress\u00e3o e scanner para email<\/a><\/strong><\/p>\n<p><strong>&#8211; <a href=\"https:\/\/infociips.ipsantarem.pt\/?p=330\">Print Mobile &#8211; impress\u00e3o a partir de qualquer dispositivo<\/a>\u00a0&gt;\u00a0<span style=\"color: #ff0000;\">N\u00e3o necessita de instalar a impressora!<\/span><\/strong><\/p>\n<p><strong>&#8211; <a href=\"https:\/\/infociips.ipsantarem.pt\/?p=293\">Como adicionar\u00a0saldo para impress\u00e3o\/fotoc\u00f3pias<\/a> <span style=\"color: #ff0000;\">(s\u00f3 para estudantes)<\/span><\/strong><\/p>\n<p><strong>&#8211; <a href=\"https:\/\/infociips.ipsantarem.pt\/?p=419\">Como instalar as impressoras Xerox no Windows 10<\/a><\/strong><\/p>\n<p><strong>&#8211; <a href=\"https:\/\/infociips.ipsantarem.pt\/wp-content\/uploads\/2011\/09\/Manual_impressao_mac_OS_X.pdf\" target=\"_blank\" rel=\"noopener noreferrer\">Como instalar as impressoras Xerox no MAC OS X<\/a><\/strong><\/p>\n<p>&nbsp;<\/p>\n<h2>SIGARRA<\/h2>\n<p><strong>&#8211; <a title=\"Refer\u00eancias multibanco\" href=\"https:\/\/infociips.ipsantarem.pt\/?p=147\">Consultar refer\u00eancias multibanco para pagamento de propinas<\/a><\/strong><\/p>\n<p><strong>&#8211; <a title=\"Consultar notas das disciplinas\" href=\"https:\/\/infociips.ipsantarem.pt\/?p=192\">Consultar notas das disciplinas<\/a><\/strong><\/p>\n<p><strong>&#8211; <a href=\"https:\/\/infociips.ipsantarem.pt\/?p=76\">Como alterar a password<\/a><\/strong><\/p>\n<p>&nbsp;<\/p>\n<h2>Wireless<\/h2>\n<p><strong>&#8211; <a href=\"https:\/\/infociips.ipsantarem.pt\/?p=52\">Configurar o wireless no Windows Vista, 7, 8 e 10<\/a><\/strong><\/p>\n<p>&#8211; <strong><a title=\"Configurar wireless em Android\" href=\"https:\/\/infociips.ipsantarem.pt\/?p=228\">Configurar o wireless em Android<\/a><\/strong><\/p>\n<p><strong>\u00a0<\/strong><\/p>\n<h2>VPN<\/h2>\n<p><strong>&#8211; <a href=\"https:\/\/infociips.ipsantarem.pt\/?p=460\">Configurar acesso VPN<\/a><\/strong><\/p>\n<p>&nbsp;<\/p>\n<h2>Email institucional<\/h2>\n<p><strong>&#8211; <a href=\"https:\/\/infociips.ipsantarem.pt\/?p=340\">Configurar assinatura autom\u00e1tica<\/a><br \/>\n<\/strong><\/p>\n<p><strong>&#8211; <a title=\"Reencaminhar o mail da Escola para o mail pessoal\" href=\"https:\/\/infociips.ipsantarem.pt\/?p=139\">Reencaminhar o mail da Escola para o mail pessoal<\/a><\/strong><\/p>\n<p>&nbsp;<\/p>\n<h2>Office<\/h2>\n<p><strong>&#8211; <a href=\"https:\/\/infociips.ipsantarem.pt\/?p=453\">Obter o Office para estudantes<\/a><\/strong><\/p>\n<p>&nbsp;<\/p>\n<p><span style=\"color: #008000;\"><strong><a style=\"color: #008000;\" href=\"https:\/\/infociips.ipsantarem.pt\/?p=507\">Boas pr\u00e1ticas de seguran\u00e7a inform\u00e1tica<\/a><\/strong><\/span><\/p>\n","protected":false},"excerpt":{"rendered":"<p>Os v\u00e1rios exemplos desta p\u00e1gina est\u00e3o apresentados com credenciais de diferentes Escolas do IPS. Dever\u00e1 substituir essas credenciais pelas utilizadas na sua Escola. Passwords e nomes de utilizador &#8211;\u00a0Passwords \u2013 Moodle, SIGARRA, Mail. VPN &#8211; quantas existem e onde as utilizar &#8211; Alterar passwords &nbsp; Registo de presen\u00e7as &#8211; Processo de autentica\u00e7\u00e3o NFC &nbsp; Impressoras [&hellip;]<\/p>\n","protected":false},"author":2,"featured_media":0,"parent":0,"menu_order":0,"comment_status":"closed","ping_status":"closed","template":"","meta":{"footnotes":""},"class_list":["post-91","page","type-page","status-publish","hentry"],"_links":{"self":[{"href":"https:\/\/infociips.ipsantarem.pt\/index.php?rest_route=\/wp\/v2\/pages\/91","targetHints":{"allow":["GET"]}}],"collection":[{"href":"https:\/\/infociips.ipsantarem.pt\/index.php?rest_route=\/wp\/v2\/pages"}],"about":[{"href":"https:\/\/infociips.ipsantarem.pt\/index.php?rest_route=\/wp\/v2\/types\/page"}],"author":[{"embeddable":true,"href":"https:\/\/infociips.ipsantarem.pt\/index.php?rest_route=\/wp\/v2\/users\/2"}],"replies":[{"embeddable":true,"href":"https:\/\/infociips.ipsantarem.pt\/index.php?rest_route=%2Fwp%2Fv2%2Fcomments&post=91"}],"version-history":[{"count":69,"href":"https:\/\/infociips.ipsantarem.pt\/index.php?rest_route=\/wp\/v2\/pages\/91\/revisions"}],"predecessor-version":[{"id":610,"href":"https:\/\/infociips.ipsantarem.pt\/index.php?rest_route=\/wp\/v2\/pages\/91\/revisions\/610"}],"wp:attachment":[{"href":"https:\/\/infociips.ipsantarem.pt\/index.php?rest_route=%2Fwp%2Fv2%2Fmedia&parent=91"}],"curies":[{"name":"wp","href":"https:\/\/api.w.org\/{rel}","templated":true}]}}